{"id":3870,"date":"2022-09-14T10:01:43","date_gmt":"2022-09-14T08:01:43","guid":{"rendered":"https:\/\/www.britta-radonic.de\/?page_id=3870"},"modified":"2022-11-13T09:33:05","modified_gmt":"2022-11-13T08:33:05","slug":"impressum","status":"publish","type":"page","link":"https:\/\/www.britta-radonic.de\/?page_id=3870","title":{"rendered":"Impressum"},"content":{"rendered":"\t\t<div data-elementor-type=\"wp-page\" data-elementor-id=\"3870\" class=\"elementor elementor-3870\">\n\t\t\t\t\t\t\t\t\t<section class=\"elementor-section elementor-top-section elementor-element elementor-element-23a6e2a3 elementor-section-boxed elementor-section-height-default elementor-section-height-default\" data-id=\"23a6e2a3\" data-element_type=\"section\" data-settings=\"{&quot;background_background&quot;:&quot;classic&quot;}\">\n\t\t\t\t\t\t<div class=\"elementor-container elementor-column-gap-default\">\n\t\t\t\t\t<div class=\"elementor-column elementor-col-50 elementor-top-column elementor-element elementor-element-48cf29dd\" data-id=\"48cf29dd\" data-element_type=\"column\">\n\t\t\t<div class=\"elementor-widget-wrap elementor-element-populated\">\n\t\t\t\t\t\t\t\t<div class=\"elementor-element elementor-element-18e34c5d elementor-widget__width-auto elementor-widget-divider--view-line elementor-widget elementor-widget-divider\" data-id=\"18e34c5d\" data-element_type=\"widget\" data-widget_type=\"divider.default\">\n\t\t\t\t<div class=\"elementor-widget-container\">\n\t\t\t<style>\/*! elementor - v3.8.1 - 13-11-2022 *\/\n.elementor-widget-divider{--divider-border-style:none;--divider-border-width:1px;--divider-color:#2c2c2c;--divider-icon-size:20px;--divider-element-spacing:10px;--divider-pattern-height:24px;--divider-pattern-size:20px;--divider-pattern-url:none;--divider-pattern-repeat:repeat-x}.elementor-widget-divider .elementor-divider{display:-webkit-box;display:-ms-flexbox;display:flex}.elementor-widget-divider .elementor-divider__text{font-size:15px;line-height:1;max-width:95%}.elementor-widget-divider .elementor-divider__element{margin:0 var(--divider-element-spacing);-ms-flex-negative:0;flex-shrink:0}.elementor-widget-divider .elementor-icon{font-size:var(--divider-icon-size)}.elementor-widget-divider .elementor-divider-separator{display:-webkit-box;display:-ms-flexbox;display:flex;margin:0;direction:ltr}.elementor-widget-divider--view-line_icon .elementor-divider-separator,.elementor-widget-divider--view-line_text .elementor-divider-separator{-webkit-box-align:center;-ms-flex-align:center;align-items:center}.elementor-widget-divider--view-line_icon .elementor-divider-separator:after,.elementor-widget-divider--view-line_icon .elementor-divider-separator:before,.elementor-widget-divider--view-line_text .elementor-divider-separator:after,.elementor-widget-divider--view-line_text .elementor-divider-separator:before{display:block;content:\"\";border-bottom:0;-webkit-box-flex:1;-ms-flex-positive:1;flex-grow:1;border-top:var(--divider-border-width) var(--divider-border-style) var(--divider-color)}.elementor-widget-divider--element-align-left .elementor-divider .elementor-divider-separator>.elementor-divider__svg:first-of-type{-webkit-box-flex:0;-ms-flex-positive:0;flex-grow:0;-ms-flex-negative:100;flex-shrink:100}.elementor-widget-divider--element-align-left .elementor-divider-separator:before{content:none}.elementor-widget-divider--element-align-left .elementor-divider__element{margin-left:0}.elementor-widget-divider--element-align-right .elementor-divider .elementor-divider-separator>.elementor-divider__svg:last-of-type{-webkit-box-flex:0;-ms-flex-positive:0;flex-grow:0;-ms-flex-negative:100;flex-shrink:100}.elementor-widget-divider--element-align-right .elementor-divider-separator:after{content:none}.elementor-widget-divider--element-align-right .elementor-divider__element{margin-right:0}.elementor-widget-divider:not(.elementor-widget-divider--view-line_text):not(.elementor-widget-divider--view-line_icon) .elementor-divider-separator{border-top:var(--divider-border-width) var(--divider-border-style) var(--divider-color)}.elementor-widget-divider--separator-type-pattern{--divider-border-style:none}.elementor-widget-divider--separator-type-pattern.elementor-widget-divider--view-line .elementor-divider-separator,.elementor-widget-divider--separator-type-pattern:not(.elementor-widget-divider--view-line) .elementor-divider-separator:after,.elementor-widget-divider--separator-type-pattern:not(.elementor-widget-divider--view-line) .elementor-divider-separator:before,.elementor-widget-divider--separator-type-pattern:not([class*=elementor-widget-divider--view]) .elementor-divider-separator{width:100%;min-height:var(--divider-pattern-height);-webkit-mask-size:var(--divider-pattern-size) 100%;mask-size:var(--divider-pattern-size) 100%;-webkit-mask-repeat:var(--divider-pattern-repeat);mask-repeat:var(--divider-pattern-repeat);background-color:var(--divider-color);-webkit-mask-image:var(--divider-pattern-url);mask-image:var(--divider-pattern-url)}.elementor-widget-divider--no-spacing{--divider-pattern-size:auto}.elementor-widget-divider--bg-round{--divider-pattern-repeat:round}.rtl .elementor-widget-divider .elementor-divider__text{direction:rtl}.e-con-inner>.elementor-widget-divider,.e-con>.elementor-widget-divider{width:var(--container-widget-width,100%)}<\/style>\t\t<div class=\"elementor-divider\">\n\t\t\t<span class=\"elementor-divider-separator\">\n\t\t\t\t\t\t<\/span>\n\t\t<\/div>\n\t\t\t\t<\/div>\n\t\t\t\t<\/div>\n\t\t\t\t<div class=\"elementor-element elementor-element-76089c4b elementor-widget elementor-widget-heading\" data-id=\"76089c4b\" data-element_type=\"widget\" data-widget_type=\"heading.default\">\n\t\t\t\t<div class=\"elementor-widget-container\">\n\t\t\t<style>\/*! elementor - v3.8.1 - 13-11-2022 *\/\n.elementor-heading-title{padding:0;margin:0;line-height:1}.elementor-widget-heading .elementor-heading-title[class*=elementor-size-]>a{color:inherit;font-size:inherit;line-height:inherit}.elementor-widget-heading .elementor-heading-title.elementor-size-small{font-size:15px}.elementor-widget-heading .elementor-heading-title.elementor-size-medium{font-size:19px}.elementor-widget-heading .elementor-heading-title.elementor-size-large{font-size:29px}.elementor-widget-heading .elementor-heading-title.elementor-size-xl{font-size:39px}.elementor-widget-heading .elementor-heading-title.elementor-size-xxl{font-size:59px}<\/style><h1 class=\"elementor-heading-title elementor-size-default\">Impressum<\/h1>\t\t<\/div>\n\t\t\t\t<\/div>\n\t\t\t\t\t<\/div>\n\t\t<\/div>\n\t\t\t\t<div class=\"elementor-column elementor-col-50 elementor-top-column elementor-element elementor-element-2672880c elementor-hidden-tablet elementor-hidden-mobile\" data-id=\"2672880c\" data-element_type=\"column\">\n\t\t\t<div class=\"elementor-widget-wrap\">\n\t\t\t\t\t\t\t\t\t<\/div>\n\t\t<\/div>\n\t\t\t\t\t\t\t<\/div>\n\t\t<\/section>\n\t\t\t\t<section class=\"elementor-section elementor-top-section elementor-element elementor-element-72d55562 elementor-section-boxed elementor-section-height-default elementor-section-height-default\" data-id=\"72d55562\" data-element_type=\"section\">\n\t\t\t\t\t\t<div class=\"elementor-container elementor-column-gap-default\">\n\t\t\t\t\t<div class=\"elementor-column elementor-col-100 elementor-top-column elementor-element elementor-element-180e8f79\" data-id=\"180e8f79\" data-element_type=\"column\">\n\t\t\t<div class=\"elementor-widget-wrap elementor-element-populated\">\n\t\t\t\t\t\t\t\t<div class=\"elementor-element elementor-element-6780a9d1 elementor-widget elementor-widget-text-editor\" data-id=\"6780a9d1\" data-element_type=\"widget\" data-widget_type=\"text-editor.default\">\n\t\t\t\t<div class=\"elementor-widget-container\">\n\t\t\t<style>\/*! elementor - v3.8.1 - 13-11-2022 *\/\n.elementor-widget-text-editor.elementor-drop-cap-view-stacked .elementor-drop-cap{background-color:#818a91;color:#fff}.elementor-widget-text-editor.elementor-drop-cap-view-framed .elementor-drop-cap{color:#818a91;border:3px solid;background-color:transparent}.elementor-widget-text-editor:not(.elementor-drop-cap-view-default) .elementor-drop-cap{margin-top:8px}.elementor-widget-text-editor:not(.elementor-drop-cap-view-default) .elementor-drop-cap-letter{width:1em;height:1em}.elementor-widget-text-editor .elementor-drop-cap{float:left;text-align:center;line-height:1;font-size:50px}.elementor-widget-text-editor .elementor-drop-cap-letter{display:inline-block}<\/style>\t\t\t\t<p>Angaben gem\u00e4\u00df \u00a7 5 TMG<\/p><p>Britta Radoni\u0107<br \/>Mechternstrasse 57<br \/>50823 K\u00f6ln<\/p><p>Vertreten durch:<br \/>Britta Radoni\u0107<\/p><p>Kontakt:<br \/>Telefon: +49 170 4644371<br \/>E-Mail: mail@britta-radonic.de<\/p><p>Umsatzsteuer-Identifikationsnummer gem\u00e4\u00df \u00a727a Umsatzsteuergesetz: DE 330652363<\/p>\t\t\t\t\t\t<\/div>\n\t\t\t\t<\/div>\n\t\t\t\t\t<\/div>\n\t\t<\/div>\n\t\t\t\t\t\t\t<\/div>\n\t\t<\/section>\n\t\t\t\t\t\t\t<\/div>\n\t\t","protected":false},"excerpt":{"rendered":"<p>Impressum Angaben gem\u00e4\u00df \u00a7 5 TMG Britta Radoni\u0107Mechternstrasse 5750823 K\u00f6ln Vertreten durch:Britta Radoni\u0107 Kontakt:Telefon: +49 170 4644371E-Mail: mail@britta-radonic.de Umsatzsteuer-Identifikationsnummer gem\u00e4\u00df [&hellip;]<\/p>\n","protected":false},"author":1,"featured_media":0,"parent":0,"menu_order":0,"comment_status":"closed","ping_status":"closed","template":"elementor_header_footer","meta":{"footnotes":""},"class_list":["post-3870","page","type-page","status-publish","hentry","rishi-post","no-post-thumbnail"],"rishi__cb_customizer_meta":"","yoast_head":"<!-- This site is optimized with the Yoast SEO plugin v19.10 - https:\/\/yoast.com\/wordpress\/plugins\/seo\/ -->\n<title>Impressum - Britta Radoni\u0107<\/title>\n<meta name=\"robots\" content=\"index, follow, max-snippet:-1, max-image-preview:large, max-video-preview:-1\" \/>\n<link rel=\"canonical\" href=\"https:\/\/www.britta-radonic.de\/?page_id=3870\" \/>\n<meta property=\"og:locale\" content=\"de_DE\" \/>\n<meta property=\"og:type\" content=\"article\" \/>\n<meta property=\"og:title\" content=\"Impressum - Britta Radoni\u0107\" \/>\n<meta property=\"og:description\" content=\"Impressum Angaben gem\u00e4\u00df \u00a7 5 TMG Britta Radoni\u0107Mechternstrasse 5750823 K\u00f6ln Vertreten durch:Britta Radoni\u0107 Kontakt:Telefon: +49 170 4644371E-Mail: mail@britta-radonic.de Umsatzsteuer-Identifikationsnummer gem\u00e4\u00df [&hellip;]\" \/>\n<meta property=\"og:url\" content=\"https:\/\/www.britta-radonic.de\/?page_id=3870\" \/>\n<meta property=\"og:site_name\" content=\"Britta Radoni\u0107\" \/>\n<meta property=\"article:modified_time\" content=\"2022-11-13T08:33:05+00:00\" \/>\n<meta name=\"twitter:card\" content=\"summary_large_image\" \/>\n<meta name=\"twitter:label1\" content=\"Gesch\u00e4tzte Lesezeit\" \/>\n\t<meta name=\"twitter:data1\" content=\"1\u00a0Minute\" \/>\n<script type=\"application\/ld+json\" class=\"yoast-schema-graph\">{\"@context\":\"https:\/\/schema.org\",\"@graph\":[{\"@type\":\"WebPage\",\"@id\":\"https:\/\/www.britta-radonic.de\/?page_id=3870\",\"url\":\"https:\/\/www.britta-radonic.de\/?page_id=3870\",\"name\":\"Impressum - Britta Radoni\u0107\",\"isPartOf\":{\"@id\":\"https:\/\/www.britta-radonic.de\/#website\"},\"datePublished\":\"2022-09-14T08:01:43+00:00\",\"dateModified\":\"2022-11-13T08:33:05+00:00\",\"breadcrumb\":{\"@id\":\"https:\/\/www.britta-radonic.de\/?page_id=3870#breadcrumb\"},\"inLanguage\":\"de\",\"potentialAction\":[{\"@type\":\"ReadAction\",\"target\":[\"https:\/\/www.britta-radonic.de\/?page_id=3870\"]}]},{\"@type\":\"BreadcrumbList\",\"@id\":\"https:\/\/www.britta-radonic.de\/?page_id=3870#breadcrumb\",\"itemListElement\":[{\"@type\":\"ListItem\",\"position\":1,\"name\":\"Startseite\",\"item\":\"https:\/\/www.britta-radonic.de\/\"},{\"@type\":\"ListItem\",\"position\":2,\"name\":\"Impressum\"}]},{\"@type\":\"WebSite\",\"@id\":\"https:\/\/www.britta-radonic.de\/#website\",\"url\":\"https:\/\/www.britta-radonic.de\/\",\"name\":\"Britta Radoni\u0107\",\"description\":\"Sprachtrainings und \u00dcbersetzungen\",\"publisher\":{\"@id\":\"https:\/\/www.britta-radonic.de\/#organization\"},\"potentialAction\":[{\"@type\":\"SearchAction\",\"target\":{\"@type\":\"EntryPoint\",\"urlTemplate\":\"https:\/\/www.britta-radonic.de\/?s={search_term_string}\"},\"query-input\":\"required name=search_term_string\"}],\"inLanguage\":\"de\"},{\"@type\":\"Organization\",\"@id\":\"https:\/\/www.britta-radonic.de\/#organization\",\"name\":\"Britta Radoni\u0107\",\"url\":\"https:\/\/www.britta-radonic.de\/\",\"logo\":{\"@type\":\"ImageObject\",\"inLanguage\":\"de\",\"@id\":\"https:\/\/www.britta-radonic.de\/#\/schema\/logo\/image\/\",\"url\":\"https:\/\/www.britta-radonic.de\/wp-content\/uploads\/2022\/11\/britta-monogramm-logo-2-transp.png\",\"contentUrl\":\"https:\/\/www.britta-radonic.de\/wp-content\/uploads\/2022\/11\/britta-monogramm-logo-2-transp.png\",\"width\":329,\"height\":302,\"caption\":\"Britta Radoni\u0107\"},\"image\":{\"@id\":\"https:\/\/www.britta-radonic.de\/#\/schema\/logo\/image\/\"},\"sameAs\":[\"https:\/\/www.linkedin.com\/in\/britta-radonic\/\",\"https:\/\/www.xing.com\/profile\/Britta_Radonic\/\"]}]}<\/script>\n<!-- \/ Yoast SEO plugin. -->","yoast_head_json":{"title":"Impressum - Britta Radoni\u0107","robots":{"index":"index","follow":"follow","max-snippet":"max-snippet:-1","max-image-preview":"max-image-preview:large","max-video-preview":"max-video-preview:-1"},"canonical":"https:\/\/www.britta-radonic.de\/?page_id=3870","og_locale":"de_DE","og_type":"article","og_title":"Impressum - Britta Radoni\u0107","og_description":"Impressum Angaben gem\u00e4\u00df \u00a7 5 TMG Britta Radoni\u0107Mechternstrasse 5750823 K\u00f6ln Vertreten durch:Britta Radoni\u0107 Kontakt:Telefon: +49 170 4644371E-Mail: mail@britta-radonic.de Umsatzsteuer-Identifikationsnummer gem\u00e4\u00df [&hellip;]","og_url":"https:\/\/www.britta-radonic.de\/?page_id=3870","og_site_name":"Britta Radoni\u0107","article_modified_time":"2022-11-13T08:33:05+00:00","twitter_card":"summary_large_image","twitter_misc":{"Gesch\u00e4tzte Lesezeit":"1\u00a0Minute"},"schema":{"@context":"https:\/\/schema.org","@graph":[{"@type":"WebPage","@id":"https:\/\/www.britta-radonic.de\/?page_id=3870","url":"https:\/\/www.britta-radonic.de\/?page_id=3870","name":"Impressum - Britta Radoni\u0107","isPartOf":{"@id":"https:\/\/www.britta-radonic.de\/#website"},"datePublished":"2022-09-14T08:01:43+00:00","dateModified":"2022-11-13T08:33:05+00:00","breadcrumb":{"@id":"https:\/\/www.britta-radonic.de\/?page_id=3870#breadcrumb"},"inLanguage":"de","potentialAction":[{"@type":"ReadAction","target":["https:\/\/www.britta-radonic.de\/?page_id=3870"]}]},{"@type":"BreadcrumbList","@id":"https:\/\/www.britta-radonic.de\/?page_id=3870#breadcrumb","itemListElement":[{"@type":"ListItem","position":1,"name":"Startseite","item":"https:\/\/www.britta-radonic.de\/"},{"@type":"ListItem","position":2,"name":"Impressum"}]},{"@type":"WebSite","@id":"https:\/\/www.britta-radonic.de\/#website","url":"https:\/\/www.britta-radonic.de\/","name":"Britta Radoni\u0107","description":"Sprachtrainings und \u00dcbersetzungen","publisher":{"@id":"https:\/\/www.britta-radonic.de\/#organization"},"potentialAction":[{"@type":"SearchAction","target":{"@type":"EntryPoint","urlTemplate":"https:\/\/www.britta-radonic.de\/?s={search_term_string}"},"query-input":"required name=search_term_string"}],"inLanguage":"de"},{"@type":"Organization","@id":"https:\/\/www.britta-radonic.de\/#organization","name":"Britta Radoni\u0107","url":"https:\/\/www.britta-radonic.de\/","logo":{"@type":"ImageObject","inLanguage":"de","@id":"https:\/\/www.britta-radonic.de\/#\/schema\/logo\/image\/","url":"https:\/\/www.britta-radonic.de\/wp-content\/uploads\/2022\/11\/britta-monogramm-logo-2-transp.png","contentUrl":"https:\/\/www.britta-radonic.de\/wp-content\/uploads\/2022\/11\/britta-monogramm-logo-2-transp.png","width":329,"height":302,"caption":"Britta Radoni\u0107"},"image":{"@id":"https:\/\/www.britta-radonic.de\/#\/schema\/logo\/image\/"},"sameAs":["https:\/\/www.linkedin.com\/in\/britta-radonic\/","https:\/\/www.xing.com\/profile\/Britta_Radonic\/"]}]}},"_links":{"self":[{"href":"https:\/\/www.britta-radonic.de\/index.php?rest_route=\/wp\/v2\/pages\/3870","targetHints":{"allow":["GET"]}}],"collection":[{"href":"https:\/\/www.britta-radonic.de\/index.php?rest_route=\/wp\/v2\/pages"}],"about":[{"href":"https:\/\/www.britta-radonic.de\/index.php?rest_route=\/wp\/v2\/types\/page"}],"author":[{"embeddable":true,"href":"https:\/\/www.britta-radonic.de\/index.php?rest_route=\/wp\/v2\/users\/1"}],"replies":[{"embeddable":true,"href":"https:\/\/www.britta-radonic.de\/index.php?rest_route=%2Fwp%2Fv2%2Fcomments&post=3870"}],"version-history":[{"count":16,"href":"https:\/\/www.britta-radonic.de\/index.php?rest_route=\/wp\/v2\/pages\/3870\/revisions"}],"predecessor-version":[{"id":4079,"href":"https:\/\/www.britta-radonic.de\/index.php?rest_route=\/wp\/v2\/pages\/3870\/revisions\/4079"}],"wp:attachment":[{"href":"https:\/\/www.britta-radonic.de\/index.php?rest_route=%2Fwp%2Fv2%2Fmedia&parent=3870"}],"curies":[{"name":"wp","href":"https:\/\/api.w.org\/{rel}","templated":true}]}}